{"id":276,"date":"2020-04-11T19:11:12","date_gmt":"2020-04-11T19:11:12","guid":{"rendered":"http:\/\/onlinefischen.de\/?page_id=276"},"modified":"2020-04-17T15:17:50","modified_gmt":"2020-04-17T15:17:50","slug":"konserven","status":"publish","type":"page","link":"http:\/\/onlinefischen.de\/?page_id=276","title":{"rendered":"Konserven &#038; Marinaden"},"content":{"rendered":"\n<p>Neben diversen Klassikern, wie eingelegten Bismarck und Matjes finden Sie in unserem Sortiment auch Senf-Matjes, der nach einem alten preu\u00dfischen Rezept aus 1900 hergestellt wird. Alle unsere Marinaden werden in Handarbeit in unserer Produktionshalle im Ostseebad K\u00fchlungsborn hergestellt und abgef\u00fcllt.<\/p>\n\n\n\n<p><strong>Marinaden<\/strong><\/p>\n\n\n\n<ul><li><a href=\"http:\/\/onlinefischen.de\/?product=rollmops\">Rollmops<\/a><\/li><li><a href=\"http:\/\/onlinefischen.de\/?product=bismarckhering\">Bismarckhering<\/a><\/li><li><a href=\"http:\/\/onlinefischen.de\/?post_type=product&amp;p=178&amp;preview=true\">Matjesfilet<\/a><\/li><li><a href=\"http:\/\/onlinefischen.de\/?post_type=product&amp;p=178&amp;preview=true\">Kr\u00e4utermatjes<\/a><\/li><li><a href=\"http:\/\/onlinefischen.de\/?post_type=product&amp;p=180&amp;preview=true\">Senfmatjes<\/a><\/li><\/ul>\n\n\n\n<p><strong>Konsverven<\/strong><\/p>\n\n\n\n<ul><li><a href=\"http:\/\/onlinefischen.de\/?product=makrelen-mix-in-tomaten-curry-sauce-140g-glas\">Makrelen-Mix in Tomaten-Curry-Sauce<\/a><\/li><li><a href=\"http:\/\/onlinefischen.de\/?product=makrelen-mix-in-tomaten-sauce\">Makrelen-Mix in Tomaten-Sauce<\/a><\/li><\/ul>\n\n\n\n<p><\/p>\n","protected":false},"excerpt":{"rendered":"<p>Neben diversen Klassikern, wie eingelegten Bismarck und Matjes finden Sie in unserem Sortiment auch Senf-Matjes, der nach einem alten preu\u00dfischen Rezept aus 1900 hergestellt wird. Alle unsere Marinaden werden in Handarbeit in unserer Produktionshalle im Ostseebad K\u00fchlungsborn hergestellt und abgef\u00fcllt. Marinaden Rollmops Bismarckhering Matjesfilet Kr\u00e4utermatjes Senfmatjes Konsverven Makrelen-Mix in Tomaten-Curry-Sauce Makrelen-Mix in Tomaten-Sauce<\/p>\n","protected":false},"author":1,"featured_media":76,"parent":0,"menu_order":0,"comment_status":"closed","ping_status":"closed","template":"","meta":[],"_links":{"self":[{"href":"http:\/\/onlinefischen.de\/index.php?rest_route=\/wp\/v2\/pages\/276"}],"collection":[{"href":"http:\/\/onlinefischen.de\/index.php?rest_route=\/wp\/v2\/pages"}],"about":[{"href":"http:\/\/onlinefischen.de\/index.php?rest_route=\/wp\/v2\/types\/page"}],"author":[{"embeddable":true,"href":"http:\/\/onlinefischen.de\/index.php?rest_route=\/wp\/v2\/users\/1"}],"replies":[{"embeddable":true,"href":"http:\/\/onlinefischen.de\/index.php?rest_route=%2Fwp%2Fv2%2Fcomments&post=276"}],"version-history":[{"count":4,"href":"http:\/\/onlinefischen.de\/index.php?rest_route=\/wp\/v2\/pages\/276\/revisions"}],"predecessor-version":[{"id":320,"href":"http:\/\/onlinefischen.de\/index.php?rest_route=\/wp\/v2\/pages\/276\/revisions\/320"}],"wp:featuredmedia":[{"embeddable":true,"href":"http:\/\/onlinefischen.de\/index.php?rest_route=\/wp\/v2\/media\/76"}],"wp:attachment":[{"href":"http:\/\/onlinefischen.de\/index.php?rest_route=%2Fwp%2Fv2%2Fmedia&parent=276"}],"curies":[{"name":"wp","href":"https:\/\/api.w.org\/{rel}","templated":true}]}}