{"id":178,"date":"2020-03-23T12:38:02","date_gmt":"2020-03-23T12:38:02","guid":{"rendered":"http:\/\/onlinefischen.de\/?post_type=product&#038;p=178"},"modified":"2024-09-26T10:05:05","modified_gmt":"2024-09-26T10:05:05","slug":"kraeutermatjesfilet","status":"publish","type":"product","link":"http:\/\/onlinefischen.de\/?product=kraeutermatjesfilet","title":{"rendered":"Kr\u00e4utermatjesfilet 600g Becher"},"content":{"rendered":"<p>Zutaten: <strong><em><span style=\"text-decoration: underline;\">Hering<\/span><\/em><\/strong> (Clupea harengus gefangen Nordostatlantik-Skagerrak mit Kiemennetz)<\/p>\n<p>Raps\u00f6l, Rote Beetesaft, Speisesalz, Kr\u00e4uter, Gew\u00fcrze, Glucosesirup Dextrose, Protease<\/p>\n<p>Konservierungsstoff E211<\/p>\n<h5><\/h5>\n<p>1 Becher (350 g Einwage)<\/p>\n","protected":false},"excerpt":{"rendered":"<p>Zutaten: Hering (Clupea harengus gefangen Nordostatlantik-Skagerrak mit Kiemennetz) Raps\u00f6l, Rote Beetesaft, Speisesalz, Kr\u00e4uter, Gew\u00fcrze, Glucosesirup Dextrose, Protease Konservierungsstoff E211 1 Becher (350 g Einwage)<\/p>\n","protected":false},"featured_media":179,"template":"","meta":[],"product_cat":[25],"product_tag":[],"_links":{"self":[{"href":"http:\/\/onlinefischen.de\/index.php?rest_route=\/wp\/v2\/product\/178"}],"collection":[{"href":"http:\/\/onlinefischen.de\/index.php?rest_route=\/wp\/v2\/product"}],"about":[{"href":"http:\/\/onlinefischen.de\/index.php?rest_route=\/wp\/v2\/types\/product"}],"wp:featuredmedia":[{"embeddable":true,"href":"http:\/\/onlinefischen.de\/index.php?rest_route=\/wp\/v2\/media\/179"}],"wp:attachment":[{"href":"http:\/\/onlinefischen.de\/index.php?rest_route=%2Fwp%2Fv2%2Fmedia&parent=178"}],"wp:term":[{"taxonomy":"product_cat","embeddable":true,"href":"http:\/\/onlinefischen.de\/index.php?rest_route=%2Fwp%2Fv2%2Fproduct_cat&post=178"},{"taxonomy":"product_tag","embeddable":true,"href":"http:\/\/onlinefischen.de\/index.php?rest_route=%2Fwp%2Fv2%2Fproduct_tag&post=178"}],"curies":[{"name":"wp","href":"https:\/\/api.w.org\/{rel}","templated":true}]}}