{"id":215,"date":"2020-03-23T17:47:45","date_gmt":"2020-03-23T17:47:45","guid":{"rendered":"http:\/\/onlinefischen.de\/?post_type=product&#038;p=215"},"modified":"2024-09-26T10:02:57","modified_gmt":"2024-09-26T10:02:57","slug":"lauch-senf-suppe-500-gramm-glas","status":"publish","type":"product","link":"http:\/\/onlinefischen.de\/?product=lauch-senf-suppe-500-gramm-glas","title":{"rendered":"Lauch-Senf-Suppe mit Forelle (500-Gramm-Glas)"},"content":{"rendered":"<p style=\"text-align: right;\">Zutaten: Wasser, Kartoffeln, <span style=\"text-decoration: underline;\"><strong><em>Sahne<\/em><\/strong><\/span>, Zwiebeln, <strong><em><span style=\"text-decoration: underline;\">Forellenfilet<\/span><\/em><\/strong> ger\u00e4uchert (12\u2009%) Porree, Butter,<span style=\"text-decoration: underline;\"><strong><em> Senfsaat, Senf, Sellerien<\/em><\/strong>,<\/span> M\u00f6hren, Zucker, Zitronensaft, Salz, Kr\u00e4uter, Gew\u00fcrze<\/p>\n<p>Inhalt: 500g , Fischeinwage 60g<\/p>\n","protected":false},"excerpt":{"rendered":"<p>Zutaten: Wasser, Kartoffeln, Sahne, Zwiebeln, Forellenfilet ger\u00e4uchert (12\u2009%) Porree, Butter, Senfsaat, Senf, Sellerien, M\u00f6hren, Zucker, Zitronensaft, Salz, Kr\u00e4uter, Gew\u00fcrze Inhalt: 500g , Fischeinwage 60g<\/p>\n","protected":false},"featured_media":216,"template":"","meta":[],"product_cat":[26],"product_tag":[],"_links":{"self":[{"href":"http:\/\/onlinefischen.de\/index.php?rest_route=\/wp\/v2\/product\/215"}],"collection":[{"href":"http:\/\/onlinefischen.de\/index.php?rest_route=\/wp\/v2\/product"}],"about":[{"href":"http:\/\/onlinefischen.de\/index.php?rest_route=\/wp\/v2\/types\/product"}],"wp:featuredmedia":[{"embeddable":true,"href":"http:\/\/onlinefischen.de\/index.php?rest_route=\/wp\/v2\/media\/216"}],"wp:attachment":[{"href":"http:\/\/onlinefischen.de\/index.php?rest_route=%2Fwp%2Fv2%2Fmedia&parent=215"}],"wp:term":[{"taxonomy":"product_cat","embeddable":true,"href":"http:\/\/onlinefischen.de\/index.php?rest_route=%2Fwp%2Fv2%2Fproduct_cat&post=215"},{"taxonomy":"product_tag","embeddable":true,"href":"http:\/\/onlinefischen.de\/index.php?rest_route=%2Fwp%2Fv2%2Fproduct_tag&post=215"}],"curies":[{"name":"wp","href":"https:\/\/api.w.org\/{rel}","templated":true}]}}